{"id":9,"date":"2026-01-26T16:32:55","date_gmt":"2026-01-26T15:32:55","guid":{"rendered":"https:\/\/etudiant17.webuco.fr\/?page_id=9"},"modified":"2026-04-27T15:59:47","modified_gmt":"2026-04-27T13:59:47","slug":"accueil","status":"publish","type":"page","link":"https:\/\/etudiant17.webuco.fr\/","title":{"rendered":"Accueil"},"content":{"rendered":"\n<div>\n<h1 class=\"gb-text gb-text-170c060a\"><strong>REWIND 2000<\/strong><\/h1>\n\n\n\n<h6 class=\"gb-text gb-text-d1ebffe0\">3\u00b74\u00b75 JUILLET 2026<\/h6>\n\n\n\n<h6 class=\"gb-text gb-text-67e776ba\">NORD SUR ERDRE<\/h6>\n\n\n\n<h3 class=\"gb-text gb-text-0f952c70\"><strong>Musiques et films  : replongez dans l\u2019univers mythique des ann\u00e9es 2000.<\/strong><\/h3>\n<\/div>\n\n\n\n<div class=\"gb-element-d5b21039\">\n<div class=\"gb-element-e1a5da57\">\n<div>\n<a href=\"https:\/\/etudiant17.webuco.fr\/index.php\/mean-girls\/\"><img loading=\"lazy\" decoding=\"async\" width=\"2000\" height=\"2000\" class=\"gb-media-69ace4fc\" alt=\"\" title=\"Film Means Girl (2) (1) (1)\" src=\"https:\/\/etudiant17.webuco.fr\/wp-content\/uploads\/2026\/03\/Film-Means-Girl-2-1-1-1.jpg\" srcset=\"https:\/\/etudiant17.webuco.fr\/wp-content\/uploads\/2026\/03\/Film-Means-Girl-2-1-1-1.jpg 2000w, https:\/\/etudiant17.webuco.fr\/wp-content\/uploads\/2026\/03\/Film-Means-Girl-2-1-1-1-300x300.jpg 300w, https:\/\/etudiant17.webuco.fr\/wp-content\/uploads\/2026\/03\/Film-Means-Girl-2-1-1-1-1024x1024.jpg 1024w, https:\/\/etudiant17.webuco.fr\/wp-content\/uploads\/2026\/03\/Film-Means-Girl-2-1-1-1-150x150.jpg 150w, https:\/\/etudiant17.webuco.fr\/wp-content\/uploads\/2026\/03\/Film-Means-Girl-2-1-1-1-768x768.jpg 768w, https:\/\/etudiant17.webuco.fr\/wp-content\/uploads\/2026\/03\/Film-Means-Girl-2-1-1-1-1536x1536.jpg 1536w\" sizes=\"auto, (max-width: 2000px) 100vw, 2000px\" \/><\/a>\n<\/div>\n<\/div>\n\n\n\n<div class=\"gb-element-dde1b94f\">\n<a href=\"https:\/\/etudiant17.webuco.fr\/index.php\/britney-spears\/\" rel=\"nofollow\"><img loading=\"lazy\" decoding=\"async\" width=\"1200\" height=\"1200\" class=\"gb-media-7f5b8737\" alt=\"\" title=\"Artiste Britney Spears\" src=\"https:\/\/etudiant17.webuco.fr\/wp-content\/uploads\/2026\/03\/Artiste-Britney-Spears.jpg\" srcset=\"https:\/\/etudiant17.webuco.fr\/wp-content\/uploads\/2026\/03\/Artiste-Britney-Spears.jpg 1200w, https:\/\/etudiant17.webuco.fr\/wp-content\/uploads\/2026\/03\/Artiste-Britney-Spears-300x300.jpg 300w, https:\/\/etudiant17.webuco.fr\/wp-content\/uploads\/2026\/03\/Artiste-Britney-Spears-1024x1024.jpg 1024w, https:\/\/etudiant17.webuco.fr\/wp-content\/uploads\/2026\/03\/Artiste-Britney-Spears-150x150.jpg 150w, https:\/\/etudiant17.webuco.fr\/wp-content\/uploads\/2026\/03\/Artiste-Britney-Spears-768x768.jpg 768w\" sizes=\"auto, (max-width: 1200px) 100vw, 1200px\" \/><\/a>\n<\/div>\n\n\n\n<div class=\"gb-element-69011235\">\n<a href=\"https:\/\/etudiant17.webuco.fr\/index.php\/njsnxqksl\/\" rel=\"nofollow\"><img loading=\"lazy\" decoding=\"async\" width=\"1400\" height=\"1400\" class=\"gb-media-0aa63829\" alt=\"\" title=\"02356_MLPE_IL_MammaMiatheMovie_1400x2100 (1)\" src=\"https:\/\/etudiant17.webuco.fr\/wp-content\/uploads\/2026\/03\/02356_MLPE_IL_MammaMiatheMovie_1400x2100-1.jpg\" srcset=\"https:\/\/etudiant17.webuco.fr\/wp-content\/uploads\/2026\/03\/02356_MLPE_IL_MammaMiatheMovie_1400x2100-1.jpg 1400w, https:\/\/etudiant17.webuco.fr\/wp-content\/uploads\/2026\/03\/02356_MLPE_IL_MammaMiatheMovie_1400x2100-1-300x300.jpg 300w, https:\/\/etudiant17.webuco.fr\/wp-content\/uploads\/2026\/03\/02356_MLPE_IL_MammaMiatheMovie_1400x2100-1-1024x1024.jpg 1024w, https:\/\/etudiant17.webuco.fr\/wp-content\/uploads\/2026\/03\/02356_MLPE_IL_MammaMiatheMovie_1400x2100-1-150x150.jpg 150w, https:\/\/etudiant17.webuco.fr\/wp-content\/uploads\/2026\/03\/02356_MLPE_IL_MammaMiatheMovie_1400x2100-1-768x768.jpg 768w\" sizes=\"auto, (max-width: 1400px) 100vw, 1400px\" \/><\/a>\n<\/div>\n\n\n\n<div class=\"gb-element-de9de06b\">\n<a href=\"https:\/\/etudiant17.webuco.fr\/index.php\/yt-fr\/\"><img loading=\"lazy\" decoding=\"async\" width=\"1000\" height=\"1000\" class=\"gb-media-3f4270f9\" alt=\"\" title=\"Film Harry Potter 1\" src=\"https:\/\/etudiant17.webuco.fr\/wp-content\/uploads\/2026\/03\/Film-Harry-Potter-1-2.jpg\" srcset=\"https:\/\/etudiant17.webuco.fr\/wp-content\/uploads\/2026\/03\/Film-Harry-Potter-1-2.jpg 1000w, https:\/\/etudiant17.webuco.fr\/wp-content\/uploads\/2026\/03\/Film-Harry-Potter-1-2-300x300.jpg 300w, https:\/\/etudiant17.webuco.fr\/wp-content\/uploads\/2026\/03\/Film-Harry-Potter-1-2-150x150.jpg 150w, https:\/\/etudiant17.webuco.fr\/wp-content\/uploads\/2026\/03\/Film-Harry-Potter-1-2-768x768.jpg 768w\" sizes=\"auto, (max-width: 1000px) 100vw, 1000px\" \/><\/a>\n<\/div>\n\n\n\n<div class=\"gb-element-a92cae63\">\n<a href=\"https:\/\/etudiant17.webuco.fr\/index.php\/james\/\" rel=\"nofollow\"><img loading=\"lazy\" decoding=\"async\" width=\"1920\" height=\"1920\" class=\"gb-media-70f00e9e\" alt=\"\" title=\"Artistie Justin Timberlake (1)\" src=\"https:\/\/etudiant17.webuco.fr\/wp-content\/uploads\/2026\/03\/Artistie-Justin-Timberlake-1.jpg\" srcset=\"https:\/\/etudiant17.webuco.fr\/wp-content\/uploads\/2026\/03\/Artistie-Justin-Timberlake-1.jpg 1920w, https:\/\/etudiant17.webuco.fr\/wp-content\/uploads\/2026\/03\/Artistie-Justin-Timberlake-1-300x300.jpg 300w, https:\/\/etudiant17.webuco.fr\/wp-content\/uploads\/2026\/03\/Artistie-Justin-Timberlake-1-1024x1024.jpg 1024w, https:\/\/etudiant17.webuco.fr\/wp-content\/uploads\/2026\/03\/Artistie-Justin-Timberlake-1-150x150.jpg 150w, https:\/\/etudiant17.webuco.fr\/wp-content\/uploads\/2026\/03\/Artistie-Justin-Timberlake-1-768x768.jpg 768w, https:\/\/etudiant17.webuco.fr\/wp-content\/uploads\/2026\/03\/Artistie-Justin-Timberlake-1-1536x1536.jpg 1536w\" sizes=\"auto, (max-width: 1920px) 100vw, 1920px\" \/><\/a>\n<\/div>\n\n\n\n<div class=\"gb-element-f4708bba\">\n<a href=\"https:\/\/etudiant17.webuco.fr\/index.php\/devil-wears-prada\/\" rel=\"sponsored\"><img loading=\"lazy\" decoding=\"async\" width=\"2000\" height=\"2000\" class=\"gb-media-edf7338d\" alt=\"\" title=\"Film The Devil Wears Prada (1) (1) (1)\" src=\"https:\/\/etudiant17.webuco.fr\/wp-content\/uploads\/2026\/03\/Film-The-Devil-Wears-Prada-1-1-1.jpg\" srcset=\"https:\/\/etudiant17.webuco.fr\/wp-content\/uploads\/2026\/03\/Film-The-Devil-Wears-Prada-1-1-1.jpg 2000w, https:\/\/etudiant17.webuco.fr\/wp-content\/uploads\/2026\/03\/Film-The-Devil-Wears-Prada-1-1-1-300x300.jpg 300w, https:\/\/etudiant17.webuco.fr\/wp-content\/uploads\/2026\/03\/Film-The-Devil-Wears-Prada-1-1-1-1024x1024.jpg 1024w, https:\/\/etudiant17.webuco.fr\/wp-content\/uploads\/2026\/03\/Film-The-Devil-Wears-Prada-1-1-1-150x150.jpg 150w, https:\/\/etudiant17.webuco.fr\/wp-content\/uploads\/2026\/03\/Film-The-Devil-Wears-Prada-1-1-1-768x768.jpg 768w, https:\/\/etudiant17.webuco.fr\/wp-content\/uploads\/2026\/03\/Film-The-Devil-Wears-Prada-1-1-1-1536x1536.jpg 1536w\" sizes=\"auto, (max-width: 2000px) 100vw, 2000px\" \/><\/a>\n<\/div>\n\n\n\n<div class=\"gb-element-115b0dd9\">\n<a href=\"https:\/\/etudiant17.webuco.fr\/index.php\/twilight\/\" rel=\"nofollow\"><img loading=\"lazy\" decoding=\"async\" width=\"2000\" height=\"2000\" class=\"gb-media-890e3e82\" alt=\"\" title=\"Film Twilight (2) (2) (2) (1) (1)\" src=\"https:\/\/etudiant17.webuco.fr\/wp-content\/uploads\/2026\/03\/Film-Twilight-2-2-2-1-1.jpg\" srcset=\"https:\/\/etudiant17.webuco.fr\/wp-content\/uploads\/2026\/03\/Film-Twilight-2-2-2-1-1.jpg 2000w, https:\/\/etudiant17.webuco.fr\/wp-content\/uploads\/2026\/03\/Film-Twilight-2-2-2-1-1-300x300.jpg 300w, https:\/\/etudiant17.webuco.fr\/wp-content\/uploads\/2026\/03\/Film-Twilight-2-2-2-1-1-1024x1024.jpg 1024w, https:\/\/etudiant17.webuco.fr\/wp-content\/uploads\/2026\/03\/Film-Twilight-2-2-2-1-1-150x150.jpg 150w, https:\/\/etudiant17.webuco.fr\/wp-content\/uploads\/2026\/03\/Film-Twilight-2-2-2-1-1-768x768.jpg 768w, https:\/\/etudiant17.webuco.fr\/wp-content\/uploads\/2026\/03\/Film-Twilight-2-2-2-1-1-1536x1536.jpg 1536w\" sizes=\"auto, (max-width: 2000px) 100vw, 2000px\" \/><\/a>\n<\/div>\n\n\n\n<div class=\"gb-element-959a03c7\">\n<a href=\"https:\/\/etudiant17.webuco.fr\/index.php\/rihannaaa\/\" rel=\"nofollow\"><img loading=\"lazy\" decoding=\"async\" width=\"2000\" height=\"2000\" class=\"gb-media-d3faae28\" alt=\"\" title=\"Artiste Rihanna (1) (1)\" src=\"https:\/\/etudiant17.webuco.fr\/wp-content\/uploads\/2026\/03\/Artiste-Rihanna-1-1.jpg\" srcset=\"https:\/\/etudiant17.webuco.fr\/wp-content\/uploads\/2026\/03\/Artiste-Rihanna-1-1.jpg 2000w, https:\/\/etudiant17.webuco.fr\/wp-content\/uploads\/2026\/03\/Artiste-Rihanna-1-1-300x300.jpg 300w, https:\/\/etudiant17.webuco.fr\/wp-content\/uploads\/2026\/03\/Artiste-Rihanna-1-1-1024x1024.jpg 1024w, https:\/\/etudiant17.webuco.fr\/wp-content\/uploads\/2026\/03\/Artiste-Rihanna-1-1-150x150.jpg 150w, https:\/\/etudiant17.webuco.fr\/wp-content\/uploads\/2026\/03\/Artiste-Rihanna-1-1-768x768.jpg 768w, https:\/\/etudiant17.webuco.fr\/wp-content\/uploads\/2026\/03\/Artiste-Rihanna-1-1-1536x1536.jpg 1536w\" sizes=\"auto, (max-width: 2000px) 100vw, 2000px\" \/><\/a>\n<\/div>\n\n\n\n<div class=\"gb-element-a9290864\">\n<a href=\"https:\/\/etudiant17.webuco.fr\/index.php\/hight-school\/\" rel=\"sponsored\"><img loading=\"lazy\" decoding=\"async\" width=\"1600\" height=\"1600\" class=\"gb-media-852c779c\" alt=\"\" title=\"Film High School Musical (1) (1)\" src=\"https:\/\/etudiant17.webuco.fr\/wp-content\/uploads\/2026\/03\/Film-High-School-Musical-1-1.jpg\" srcset=\"https:\/\/etudiant17.webuco.fr\/wp-content\/uploads\/2026\/03\/Film-High-School-Musical-1-1.jpg 1600w, https:\/\/etudiant17.webuco.fr\/wp-content\/uploads\/2026\/03\/Film-High-School-Musical-1-1-300x300.jpg 300w, https:\/\/etudiant17.webuco.fr\/wp-content\/uploads\/2026\/03\/Film-High-School-Musical-1-1-1024x1024.jpg 1024w, https:\/\/etudiant17.webuco.fr\/wp-content\/uploads\/2026\/03\/Film-High-School-Musical-1-1-150x150.jpg 150w, https:\/\/etudiant17.webuco.fr\/wp-content\/uploads\/2026\/03\/Film-High-School-Musical-1-1-768x768.jpg 768w, https:\/\/etudiant17.webuco.fr\/wp-content\/uploads\/2026\/03\/Film-High-School-Musical-1-1-1536x1536.jpg 1536w\" sizes=\"auto, (max-width: 1600px) 100vw, 1600px\" \/><\/a>\n<\/div>\n<\/div>\n\n\n\n<div>\n<div class=\"gb-element-2c3b98f9\">\n<div><\/div>\n<\/div>\n<\/div>\n\n\n\n<div>\n<h6 class=\"gb-text gb-text-a70aff88\">Chill, d\u00e9lires et vibes de folie\u2026 On t\u2019attend trop pour kiffer sous les \u00e9toiles ! Ram\u00e8ne ton crew, \u00e7a va \u00eatre chanm\u00e9 !<\/h6>\n<\/div>\n\n\n\n<div>\n<div>\n<div class=\"gb-element-f314cdd4\">\n<div><\/div>\n\n\n\n<div>\n<h6 class=\"gb-text gb-text-1cef9ae7\">Un cadre incroyable : Le Parc du Mulon : <\/h6>\n\n\n\n<p class=\"has-text-align-center has-small-font-size\">Nich\u00e9s au c\u0153ur de cet \u00e9crin de verdure bordant l&#8217;Erdre, les concerts se transforment en une parenth\u00e8se enchant\u00e9e. Entre les arbres centenaires, les rives paisibles et les vastes pelouses du parc, le lieu vibre d&#8217;une \u00e9nergie \u00e0 la fois sauvage et fraternelle. \u00c0 la tomb\u00e9e de la nuit, les sc\u00e8nes s&#8217;illuminent et les reflets du fleuve scintillent, cr\u00e9ant une atmosph\u00e8re \u00e9lectrique o\u00f9 la musique rencontre la nature. Un d\u00e9cor organique et spectaculaire qui donne aux soir\u00e9es du festival une dimension totalement inoubliable.<\/p>\n<\/div>\n\n\n\n<div>\n<figure class=\"wp-block-image size-full is-resized\"><img loading=\"lazy\" decoding=\"async\" width=\"300\" height=\"246\" src=\"https:\/\/etudiant17.webuco.fr\/wp-content\/uploads\/2026\/04\/jardin.jpg\" alt=\"\" class=\"wp-image-379\" style=\"aspect-ratio:1.2195892575039495;width:266px;height:auto\"\/><\/figure>\n<\/div>\n<\/div>\n<\/div>\n<\/div>\n\n\n\n<p><\/p>\n","protected":false},"excerpt":{"rendered":"<p>REWIND 2000 3\u00b74\u00b75 JUILLET 2026 NORD SUR ERDRE Musiques et films : replongez dans l\u2019univers mythique des ann\u00e9es 2000. Chill, d\u00e9lires et vibes de folie\u2026 On t\u2019attend trop pour kiffer sous les \u00e9toiles ! Ram\u00e8ne ton crew, \u00e7a va \u00eatre chanm\u00e9 ! Un cadre incroyable : Le Parc du Mulon : Nich\u00e9s au c\u0153ur de &#8230; <a title=\"Accueil\" class=\"read-more\" href=\"https:\/\/etudiant17.webuco.fr\/\" aria-label=\"Read more about Accueil\">Read more<\/a><\/p>\n","protected":false},"author":1,"featured_media":0,"parent":0,"menu_order":0,"comment_status":"closed","ping_status":"closed","template":"","meta":{"footnotes":""},"class_list":["post-9","page","type-page","status-publish"],"_links":{"self":[{"href":"https:\/\/etudiant17.webuco.fr\/index.php\/wp-json\/wp\/v2\/pages\/9","targetHints":{"allow":["GET"]}}],"collection":[{"href":"https:\/\/etudiant17.webuco.fr\/index.php\/wp-json\/wp\/v2\/pages"}],"about":[{"href":"https:\/\/etudiant17.webuco.fr\/index.php\/wp-json\/wp\/v2\/types\/page"}],"author":[{"embeddable":true,"href":"https:\/\/etudiant17.webuco.fr\/index.php\/wp-json\/wp\/v2\/users\/1"}],"replies":[{"embeddable":true,"href":"https:\/\/etudiant17.webuco.fr\/index.php\/wp-json\/wp\/v2\/comments?post=9"}],"version-history":[{"count":79,"href":"https:\/\/etudiant17.webuco.fr\/index.php\/wp-json\/wp\/v2\/pages\/9\/revisions"}],"predecessor-version":[{"id":430,"href":"https:\/\/etudiant17.webuco.fr\/index.php\/wp-json\/wp\/v2\/pages\/9\/revisions\/430"}],"wp:attachment":[{"href":"https:\/\/etudiant17.webuco.fr\/index.php\/wp-json\/wp\/v2\/media?parent=9"}],"curies":[{"name":"wp","href":"https:\/\/api.w.org\/{rel}","templated":true}]}}