{"id":31,"date":"2026-01-26T16:48:51","date_gmt":"2026-01-26T15:48:51","guid":{"rendered":"https:\/\/etudiant17.webuco.fr\/?page_id=31"},"modified":"2026-04-27T11:31:30","modified_gmt":"2026-04-27T09:31:30","slug":"infos-pratiques","status":"publish","type":"page","link":"https:\/\/etudiant17.webuco.fr\/index.php\/infos-pratiques\/","title":{"rendered":"Infos Pratiques"},"content":{"rendered":"\n<div>\n<h2 class=\"gb-text\">Informations pratiques <\/h2>\n\n\n\n<div>\n<h6 class=\"gb-text\">Localisation <\/h6>\n<\/div>\n<\/div>\n\n\n\n<div>\n<p class=\"gb-text\">Le festival est situ\u00e9 au Parc du Port Mulon \u00e0 Nort-sur-Erdre (44390) en Loire Atlantique, \u00e0 environ 25 km au nord de Nantes.<\/p>\n<\/div>\n\n\n\n<div>\n<div>\n<p class=\"gb-text\">google.com\/maps?cid=13965596082107574516&amp;g_mp=CiVnb29nbGUubWFwcy5wbGFjZXMudjEuUGxhY2VzLkdldFBsYWNlEAIYASAA&amp;hl=fr&amp;gl=FR&amp;source=embed<\/p>\n<\/div>\n<\/div>\n\n\n\n<div>\n<h6 class=\"gb-text\">Parkings<\/h6>\n\n\n\n<div>\n<p class=\"gb-text\">D\u00e8s les entr\u00e9es de Nort-sur-Erdre, les parkings et l\u2019entr\u00e9e du festival sont indiqu\u00e9s par des panneaux de signal\u00e9tique.<br><strong>Un grand parking est mis \u00e0 disposition des festivaliers<\/strong>\u00a0:<br>\u2022 Voiture<br>\u2022 Van<br>\u2022 Camping-car<br>\u2022 Caravane<br><br>Ce parking dispose de toilettes mais ne dispose pas de point d\u2019eau ou de douches. Pour les vans, camping-car et caravanes souhaitant disposer de ces offres, nous vous invitons \u00e0 prendre un billet camping qui permet d\u2019acc\u00e9der au parking camping o\u00f9 les vans et camping-car sont acc\u00e9pt\u00e9s.<br>Afin de fluidifier les routes aux abords du site et de s\u00e9curiser les acc\u00e8s pi\u00e9tons, une d\u00e9viation est mise en place pendant le festival.<br>Pour les campeurs, un parking de grande capacit\u00e9 situ\u00e9 aux abords du camping est accessible et surveill\u00e9 du jeudi jusqu\u2019au dimanche. Ils se trouve \u00e0 environ 1 km du festival. Attention, \u00e9vitez au maximum de laisser vos objets de valeur sans surveillance. Nous vous conseillons vivement de n\u2019emmener avec vous que le strict n\u00e9cessaire pour le week-end.<\/p>\n\n\n\n<div>\n<div>\n<h6 class=\"gb-text\">Entr\u00e9e du festival <\/h6>\n\n\n\n<div>\n<p class=\"gb-text\">Un contr\u00f4le des billets sera effectu\u00e9 \u00e0 l\u2019entr\u00e9e du festival. Un bracelet \u00e0 usage unique vous sera remis. Il ne pourra pas \u00eatre enlev\u00e9 et remis \u00e0 quelqu\u2019un d\u2019autre. Attention : vous risqueriez de vous faire refuser l\u2019acc\u00e8s au festival.<br><br>L\u2019introduction de drogues, d\u2019alcool et d\u2019appareils photos professionnels sont strictement interdits dans l\u2019enceinte du festival. Pour des raisons de s\u00e9curit\u00e9, des objets ne sont pas autoris\u00e9s sur site : les r\u00e9cipients en verre, les outils tranchants et\/ou dangereux (cutters, couteaux\u2026), les bouchons de bouteilles en plastique\u2026<br>Attention : toute sortie est d\u00e9finitive pour les d\u00e9tenteurs de billet 1 jour.<\/p>\n\n\n\n<div>\n<figure class=\"wp-block-image size-large is-resized\"><img loading=\"lazy\" decoding=\"async\" width=\"1024\" height=\"683\" src=\"https:\/\/etudiant17.webuco.fr\/wp-content\/uploads\/2026\/04\/c-nicolas-leboeuf-30-1-1024x683.jpg\" alt=\"\" class=\"wp-image-376\" style=\"aspect-ratio:1.4992865607390746;width:954px;height:auto\" srcset=\"https:\/\/etudiant17.webuco.fr\/wp-content\/uploads\/2026\/04\/c-nicolas-leboeuf-30-1-1024x683.jpg 1024w, https:\/\/etudiant17.webuco.fr\/wp-content\/uploads\/2026\/04\/c-nicolas-leboeuf-30-1-300x200.jpg 300w, https:\/\/etudiant17.webuco.fr\/wp-content\/uploads\/2026\/04\/c-nicolas-leboeuf-30-1-768x512.jpg 768w, https:\/\/etudiant17.webuco.fr\/wp-content\/uploads\/2026\/04\/c-nicolas-leboeuf-30-1.jpg 1500w\" sizes=\"auto, (max-width: 1024px) 100vw, 1024px\" \/><\/figure>\n<\/div>\n<\/div>\n<\/div>\n<\/div>\n<\/div>\n<\/div>\n\n\n\n<div>\n<h6 class=\"gb-text\">H\u00e9bergements <\/h6>\n\n\n\n<div>\n<p class=\"gb-text\">Camping<br>V\u00e9ritable village au c\u0153ur du festival, le camping de La Nuit de l\u2019Erdre revient comme chaque ann\u00e9e pour vous faire vivre l\u2019aventure de A \u00e0 Z, dans un cadre verdoyant et une ambiance r\u00e9solument festive. DJ sets endiabl\u00e9s, animations ludiques, offre de restauration de qualit\u00e9 et services d\u00e9di\u00e9s rythmeront \u00e0 nouveau la vie du camping.<br><strong>Les offres d\u2019h\u00e9bergement sont actuellement en cours de finalisation et seront prochainement disponibles \u00e0 la vente.<\/strong><\/p>\n\n\n\n<p><\/p>\n<\/div>\n<\/div>\n","protected":false},"excerpt":{"rendered":"<p>Informations pratiques Localisation Le festival est situ\u00e9 au Parc du Port Mulon \u00e0 Nort-sur-Erdre (44390) en Loire Atlantique, \u00e0 environ 25 km au nord de Nantes. google.com\/maps?cid=13965596082107574516&amp;g_mp=CiVnb29nbGUubWFwcy5wbGFjZXMudjEuUGxhY2VzLkdldFBsYWNlEAIYASAA&amp;hl=fr&amp;gl=FR&amp;source=embed Parkings D\u00e8s les entr\u00e9es de Nort-sur-Erdre, les parkings et l\u2019entr\u00e9e du festival sont indiqu\u00e9s par des panneaux de signal\u00e9tique.Un grand parking est mis \u00e0 disposition des festivaliers\u00a0:\u2022 Voiture\u2022 &#8230; <a title=\"Infos Pratiques\" class=\"read-more\" href=\"https:\/\/etudiant17.webuco.fr\/index.php\/infos-pratiques\/\" aria-label=\"Read more about Infos Pratiques\">Read more<\/a><\/p>\n","protected":false},"author":1,"featured_media":0,"parent":0,"menu_order":0,"comment_status":"closed","ping_status":"closed","template":"","meta":{"footnotes":""},"class_list":["post-31","page","type-page","status-publish"],"_links":{"self":[{"href":"https:\/\/etudiant17.webuco.fr\/index.php\/wp-json\/wp\/v2\/pages\/31","targetHints":{"allow":["GET"]}}],"collection":[{"href":"https:\/\/etudiant17.webuco.fr\/index.php\/wp-json\/wp\/v2\/pages"}],"about":[{"href":"https:\/\/etudiant17.webuco.fr\/index.php\/wp-json\/wp\/v2\/types\/page"}],"author":[{"embeddable":true,"href":"https:\/\/etudiant17.webuco.fr\/index.php\/wp-json\/wp\/v2\/users\/1"}],"replies":[{"embeddable":true,"href":"https:\/\/etudiant17.webuco.fr\/index.php\/wp-json\/wp\/v2\/comments?post=31"}],"version-history":[{"count":2,"href":"https:\/\/etudiant17.webuco.fr\/index.php\/wp-json\/wp\/v2\/pages\/31\/revisions"}],"predecessor-version":[{"id":377,"href":"https:\/\/etudiant17.webuco.fr\/index.php\/wp-json\/wp\/v2\/pages\/31\/revisions\/377"}],"wp:attachment":[{"href":"https:\/\/etudiant17.webuco.fr\/index.php\/wp-json\/wp\/v2\/media?parent=31"}],"curies":[{"name":"wp","href":"https:\/\/api.w.org\/{rel}","templated":true}]}}