{"id":29,"date":"2026-01-26T16:48:34","date_gmt":"2026-01-26T15:48:34","guid":{"rendered":"https:\/\/etudiant17.webuco.fr\/?page_id=29"},"modified":"2026-04-26T18:34:30","modified_gmt":"2026-04-26T16:34:30","slug":"billetterie","status":"publish","type":"page","link":"https:\/\/etudiant17.webuco.fr\/index.php\/billetterie\/","title":{"rendered":"Billetterie"},"content":{"rendered":"\n<div>\n<h2 class=\"gb-text gb-text-e7479377\">Billeterie <\/h2>\n\n\n\n<div>\n<h6 class=\"gb-text\"><strong>R\u00e9serve ta place d\u00e8s maintenant !<\/strong><\/h6>\n\n\n\n<div>\n<p class=\"gb-text\">Ne manque pas nos \u00e9v\u00e9nements et assure-toi d\u2019y participer en quelques clics. Choisis ta date, ton billet, et rejoins-nous pour vivre une exp\u00e9rience unique.<\/p>\n<\/div>\n\n\n\n<p><br><\/p>\n<\/div>\n\n\n\n<div>\n<div class=\"gb-element-b710bca9\">\n<div><div class=\"wp-block-image\">\n<figure class=\"aligncenter size-full is-resized\"><img loading=\"lazy\" decoding=\"async\" width=\"512\" height=\"512\" src=\"https:\/\/etudiant17.webuco.fr\/wp-content\/uploads\/2026\/04\/cropped-cropped-ChatGPT-Image-16-avr.-2026-18_32_26-1.png\" alt=\"\" class=\"wp-image-272\" style=\"width:191px;height:auto\" srcset=\"https:\/\/etudiant17.webuco.fr\/wp-content\/uploads\/2026\/04\/cropped-cropped-ChatGPT-Image-16-avr.-2026-18_32_26-1.png 512w, https:\/\/etudiant17.webuco.fr\/wp-content\/uploads\/2026\/04\/cropped-cropped-ChatGPT-Image-16-avr.-2026-18_32_26-1-300x300.png 300w, https:\/\/etudiant17.webuco.fr\/wp-content\/uploads\/2026\/04\/cropped-cropped-ChatGPT-Image-16-avr.-2026-18_32_26-1-150x150.png 150w, https:\/\/etudiant17.webuco.fr\/wp-content\/uploads\/2026\/04\/cropped-cropped-ChatGPT-Image-16-avr.-2026-18_32_26-1-270x270.png 270w, https:\/\/etudiant17.webuco.fr\/wp-content\/uploads\/2026\/04\/cropped-cropped-ChatGPT-Image-16-avr.-2026-18_32_26-1-192x192.png 192w, https:\/\/etudiant17.webuco.fr\/wp-content\/uploads\/2026\/04\/cropped-cropped-ChatGPT-Image-16-avr.-2026-18_32_26-1-180x180.png 180w, https:\/\/etudiant17.webuco.fr\/wp-content\/uploads\/2026\/04\/cropped-cropped-ChatGPT-Image-16-avr.-2026-18_32_26-1-32x32.png 32w\" sizes=\"auto, (max-width: 512px) 100vw, 512px\" \/><\/figure>\n<\/div><\/div>\n\n\n<div class=\"wp-block-image\">\n<figure class=\"aligncenter size-full is-resized\"><img loading=\"lazy\" decoding=\"async\" width=\"512\" height=\"512\" src=\"https:\/\/etudiant17.webuco.fr\/wp-content\/uploads\/2026\/04\/cropped-cropped-ChatGPT-Image-16-avr.-2026-18_32_26-1.png\" alt=\"\" class=\"wp-image-272\" style=\"width:191px;height:auto\" srcset=\"https:\/\/etudiant17.webuco.fr\/wp-content\/uploads\/2026\/04\/cropped-cropped-ChatGPT-Image-16-avr.-2026-18_32_26-1.png 512w, https:\/\/etudiant17.webuco.fr\/wp-content\/uploads\/2026\/04\/cropped-cropped-ChatGPT-Image-16-avr.-2026-18_32_26-1-300x300.png 300w, https:\/\/etudiant17.webuco.fr\/wp-content\/uploads\/2026\/04\/cropped-cropped-ChatGPT-Image-16-avr.-2026-18_32_26-1-150x150.png 150w, https:\/\/etudiant17.webuco.fr\/wp-content\/uploads\/2026\/04\/cropped-cropped-ChatGPT-Image-16-avr.-2026-18_32_26-1-270x270.png 270w, https:\/\/etudiant17.webuco.fr\/wp-content\/uploads\/2026\/04\/cropped-cropped-ChatGPT-Image-16-avr.-2026-18_32_26-1-192x192.png 192w, https:\/\/etudiant17.webuco.fr\/wp-content\/uploads\/2026\/04\/cropped-cropped-ChatGPT-Image-16-avr.-2026-18_32_26-1-180x180.png 180w, https:\/\/etudiant17.webuco.fr\/wp-content\/uploads\/2026\/04\/cropped-cropped-ChatGPT-Image-16-avr.-2026-18_32_26-1-32x32.png 32w\" sizes=\"auto, (max-width: 512px) 100vw, 512px\" \/><\/figure>\n<\/div>\n\n<div class=\"wp-block-image\">\n<figure class=\"aligncenter size-full is-resized\"><img loading=\"lazy\" decoding=\"async\" width=\"512\" height=\"512\" src=\"https:\/\/etudiant17.webuco.fr\/wp-content\/uploads\/2026\/04\/cropped-cropped-ChatGPT-Image-16-avr.-2026-18_32_26-1.png\" alt=\"\" class=\"wp-image-272\" style=\"width:191px;height:auto\" srcset=\"https:\/\/etudiant17.webuco.fr\/wp-content\/uploads\/2026\/04\/cropped-cropped-ChatGPT-Image-16-avr.-2026-18_32_26-1.png 512w, https:\/\/etudiant17.webuco.fr\/wp-content\/uploads\/2026\/04\/cropped-cropped-ChatGPT-Image-16-avr.-2026-18_32_26-1-300x300.png 300w, https:\/\/etudiant17.webuco.fr\/wp-content\/uploads\/2026\/04\/cropped-cropped-ChatGPT-Image-16-avr.-2026-18_32_26-1-150x150.png 150w, https:\/\/etudiant17.webuco.fr\/wp-content\/uploads\/2026\/04\/cropped-cropped-ChatGPT-Image-16-avr.-2026-18_32_26-1-270x270.png 270w, https:\/\/etudiant17.webuco.fr\/wp-content\/uploads\/2026\/04\/cropped-cropped-ChatGPT-Image-16-avr.-2026-18_32_26-1-192x192.png 192w, https:\/\/etudiant17.webuco.fr\/wp-content\/uploads\/2026\/04\/cropped-cropped-ChatGPT-Image-16-avr.-2026-18_32_26-1-180x180.png 180w, https:\/\/etudiant17.webuco.fr\/wp-content\/uploads\/2026\/04\/cropped-cropped-ChatGPT-Image-16-avr.-2026-18_32_26-1-32x32.png 32w\" sizes=\"auto, (max-width: 512px) 100vw, 512px\" \/><\/figure>\n<\/div><\/div>\n<\/div>\n\n\n\n<div>\n<div class=\"gb-element-c1f1c696\">\n<div>\n<div>\n<h6 class=\"gb-text gb-text-3192d1cb\">Pass 1 jour <\/h6>\n<\/div>\n<\/div>\n\n\n\n<div>\n<h6 class=\"gb-text gb-text-8094d0b4\">Pass 2 jours<\/h6>\n<\/div>\n\n\n\n<div>\n<div>\n<h6 class=\"gb-text gb-text-ea1e533a\"> Pass 3 jours<\/h6>\n<\/div>\n<\/div>\n<\/div>\n<\/div>\n<\/div>\n\n\n\n<div>\n<h2 class=\"gb-text\">Bourse aux billets !<\/h2>\n\n\n\n<div>\n<div>\n<div class=\"gb-element-c6967298\">\n<div>\n<img loading=\"lazy\" decoding=\"async\" width=\"774\" height=\"472\" class=\"gb-media-578d6a0d\" alt=\"\" title=\"media texte\" src=\"https:\/\/etudiant17.webuco.fr\/wp-content\/uploads\/2026\/04\/media-texte.png\" srcset=\"https:\/\/etudiant17.webuco.fr\/wp-content\/uploads\/2026\/04\/media-texte.png 774w, https:\/\/etudiant17.webuco.fr\/wp-content\/uploads\/2026\/04\/media-texte-300x183.png 300w, https:\/\/etudiant17.webuco.fr\/wp-content\/uploads\/2026\/04\/media-texte-768x468.png 768w\" sizes=\"auto, (max-width: 774px) 100vw, 774px\" \/>\n<\/div>\n\n\n\n<div>\n<div>\n<h6 class=\"gb-text\"><strong>Vous avez un billet pour le festival mais ne vous pourrez finalement pas venir ? <\/strong><\/h6>\n\n\n\n<div>\n<p class=\"gb-text\">Le festival met en place une solution de bourse aux billets officielle et s\u00e9curis\u00e9e afin de lutter contre le march\u00e9 noir. <\/p>\n\n\n\n<div>\n<h6 class=\"gb-text\"><strong>S\u00e9curit\u00e9 garantie<\/strong>&nbsp;:<\/h6>\n\n\n\n<div>\n<p class=\"gb-text\">\u2013 Codes-barres des anciens billets invalid\u00e9s et remplac\u00e9s par de nouveaux.<br>\u2013 Prix des billets plafonn\u00e9s.<\/p>\n\n\n\n<div>\n<p class=\"gb-text\"><em>M\u00e9fiez-vous des contrefa\u00e7ons, n\u2019achetez pas des billets sur d\u2019autres sites comme Le Bon Coin, Market Place, Viagogo, ou les r\u00e9seaux sociaux.<\/em><\/p>\n\n\n\n<p><\/p>\n\n\n\n<p><\/p>\n\n\n\n<p><\/p>\n<\/div>\n<\/div>\n\n\n\n<p><br><\/p>\n<\/div>\n<\/div>\n<\/div>\n<\/div>\n<\/div>\n<\/div>\n<\/div>\n\n\n\n<div>\n<div><\/div>\n<\/div>\n<\/div>\n","protected":false},"excerpt":{"rendered":"<p>Billeterie R\u00e9serve ta place d\u00e8s maintenant ! Ne manque pas nos \u00e9v\u00e9nements et assure-toi d\u2019y participer en quelques clics. Choisis ta date, ton billet, et rejoins-nous pour vivre une exp\u00e9rience unique. Pass 1 jour Pass 2 jours Pass 3 jours Bourse aux billets ! Vous avez un billet pour le festival mais ne vous pourrez &#8230; <a title=\"Billetterie\" class=\"read-more\" href=\"https:\/\/etudiant17.webuco.fr\/index.php\/billetterie\/\" aria-label=\"Read more about Billetterie\">Read more<\/a><\/p>\n","protected":false},"author":1,"featured_media":0,"parent":0,"menu_order":0,"comment_status":"closed","ping_status":"closed","template":"","meta":{"footnotes":""},"class_list":["post-29","page","type-page","status-publish"],"_links":{"self":[{"href":"https:\/\/etudiant17.webuco.fr\/index.php\/wp-json\/wp\/v2\/pages\/29","targetHints":{"allow":["GET"]}}],"collection":[{"href":"https:\/\/etudiant17.webuco.fr\/index.php\/wp-json\/wp\/v2\/pages"}],"about":[{"href":"https:\/\/etudiant17.webuco.fr\/index.php\/wp-json\/wp\/v2\/types\/page"}],"author":[{"embeddable":true,"href":"https:\/\/etudiant17.webuco.fr\/index.php\/wp-json\/wp\/v2\/users\/1"}],"replies":[{"embeddable":true,"href":"https:\/\/etudiant17.webuco.fr\/index.php\/wp-json\/wp\/v2\/comments?post=29"}],"version-history":[{"count":4,"href":"https:\/\/etudiant17.webuco.fr\/index.php\/wp-json\/wp\/v2\/pages\/29\/revisions"}],"predecessor-version":[{"id":374,"href":"https:\/\/etudiant17.webuco.fr\/index.php\/wp-json\/wp\/v2\/pages\/29\/revisions\/374"}],"wp:attachment":[{"href":"https:\/\/etudiant17.webuco.fr\/index.php\/wp-json\/wp\/v2\/media?parent=29"}],"curies":[{"name":"wp","href":"https:\/\/api.w.org\/{rel}","templated":true}]}}