{"id":140,"date":"2026-03-09T15:14:01","date_gmt":"2026-03-09T14:14:01","guid":{"rendered":"https:\/\/etudiant17.webuco.fr\/?page_id=140"},"modified":"2026-04-27T15:19:24","modified_gmt":"2026-04-27T13:19:24","slug":"hight-school","status":"publish","type":"page","link":"https:\/\/etudiant17.webuco.fr\/index.php\/hight-school\/","title":{"rendered":"Hight School Musical"},"content":{"rendered":"\n<div>\n<h2 class=\"gb-text gb-text-5b7e3b7c\">Hight School Musical<\/h2>\n<\/div>\n\n\n\n<div>\n<div class=\"gb-element-3ba0a8ea\">\n<div>\n<div><div class=\"wp-block-image\">\n<figure class=\"aligncenter size-full is-resized\"><img loading=\"lazy\" decoding=\"async\" width=\"500\" height=\"741\" src=\"https:\/\/etudiant17.webuco.fr\/wp-content\/uploads\/2026\/03\/Hight-school-musical.jpg\" alt=\"\" class=\"wp-image-201\" style=\"width:381px\" srcset=\"https:\/\/etudiant17.webuco.fr\/wp-content\/uploads\/2026\/03\/Hight-school-musical.jpg 500w, https:\/\/etudiant17.webuco.fr\/wp-content\/uploads\/2026\/03\/Hight-school-musical-202x300.jpg 202w\" sizes=\"auto, (max-width: 500px) 100vw, 500px\" \/><\/figure>\n<\/div><\/div>\n\n\n\n<div>\n<figure class=\"wp-block-embed is-type-video is-provider-youtube wp-block-embed-youtube wp-embed-aspect-16-9 wp-has-aspect-ratio\"><div class=\"wp-block-embed__wrapper\">\n<iframe loading=\"lazy\" title=\"High School Musical : La com\u00e9die musicale : La s\u00e9rie - Premi\u00e8re bande-annonce (VF) | Disney+\" width=\"1200\" height=\"675\" src=\"https:\/\/www.youtube.com\/embed\/hYXoS7q4SgI?feature=oembed\" frameborder=\"0\" allow=\"accelerometer; autoplay; clipboard-write; encrypted-media; gyroscope; picture-in-picture; web-share\" referrerpolicy=\"strict-origin-when-cross-origin\" allowfullscreen><\/iframe>\n<\/div><\/figure>\n<\/div>\n<\/div>\n\n\n\n<div>\n<div>\n<div>\n<h4 class=\"gb-text gb-text-a71194f1\">&#8211; 5 juillet \u00e0 23h00 &#8211;<\/h4>\n<\/div>\n\n\n\n<h6 class=\"gb-text gb-text-5ab5dcfa\"><strong>Une com\u00e9die musicale culte <\/strong><\/h6>\n<\/div>\n\n\n\n<div>\n<p class=\"gb-text\">Entrez dans l\u2019univers dynamique et color\u00e9 de High School Musical et laissez-vous emporter par son \u00e9nergie contagieuse. Sorti en 2006 sur Disney Channel, ce film est rapidement devenu un v\u00e9ritable ph\u00e9nom\u00e8ne aupr\u00e8s des adolescents du monde entier. Entre chansons entra\u00eenantes, histoires d\u2019amiti\u00e9 et premiers amours, cette com\u00e9die musicale a su capturer l\u2019esprit du lyc\u00e9e avec fra\u00eecheur et modernit\u00e9, devenant une r\u00e9f\u00e9rence incontournable des ann\u00e9es 2000.<\/p>\n\n\n\n<div>\n<h6 class=\"gb-text\"><strong>L\u2019histoire en quelques mots<\/strong><\/h6>\n\n\n\n<div>\n<p class=\"gb-text\">Dans&nbsp;<em>High School Musical<\/em>, Troy, le capitaine de l\u2019\u00e9quipe de basket, rencontre Gabriella, une \u00e9l\u00e8ve brillante et discr\u00e8te. Ensemble, ils d\u00e9couvrent une passion commune pour le chant apr\u00e8s avoir partag\u00e9 un karaok\u00e9 pendant les vacances.<br>De retour au lyc\u00e9e, ils d\u00e9cident de participer aux auditions de la com\u00e9die musicale de l\u2019\u00e9cole. Mais leur d\u00e9cision ne pla\u00eet pas \u00e0 tout le monde : entre pression sociale, rivalit\u00e9s et st\u00e9r\u00e9otypes, ils devront s\u2019affirmer pour suivre leurs envies.<br>Avec l\u2019aide de leurs amis, Troy et Gabriella vont apprendre \u00e0 croire en eux et \u00e0 d\u00e9passer les \u00e9tiquettes.<\/p>\n\n\n\n<div>\n<h6 class=\"gb-text\"><strong>Pourquoi ce film au festival ?<\/strong><\/h6>\n\n\n\n<div>\n<p class=\"gb-text\">Parce que&nbsp;<em>High School Musical<\/em>&nbsp;est bien plus qu\u2019un simple t\u00e9l\u00e9film : c\u2019est un symbole des ann\u00e9es 2000.<br>Avec ses chansons cultes comme&nbsp;<em>Breaking Free<\/em>, ses chor\u00e9graphies iconiques et ses personnages attachants, il a marqu\u00e9 toute une g\u00e9n\u00e9ration et continue de faire vibrer les spectateurs aujourd\u2019hui.<br>Projet\u00e9 sous les \u00e9toiles lors du festival&nbsp;<em>Back to the 2000s<\/em>, ce film promet un moment de bonne humeur, de nostalgie et de chant \u00e0 plein poumons. Un rendez-vous parfait pour revivre l\u2019ambiance du lyc\u00e9e\u2026 version musicale !<\/p>\n<\/div>\n<\/div>\n<\/div>\n<\/div>\n<\/div>\n<\/div>\n<\/div>\n<\/div>\n","protected":false},"excerpt":{"rendered":"<p>Hight School Musical &#8211; 5 juillet \u00e0 23h00 &#8211; Une com\u00e9die musicale culte Entrez dans l\u2019univers dynamique et color\u00e9 de High School Musical et laissez-vous emporter par son \u00e9nergie contagieuse. Sorti en 2006 sur Disney Channel, ce film est rapidement devenu un v\u00e9ritable ph\u00e9nom\u00e8ne aupr\u00e8s des adolescents du monde entier. Entre chansons entra\u00eenantes, histoires d\u2019amiti\u00e9 &#8230; <a title=\"Hight School Musical\" class=\"read-more\" href=\"https:\/\/etudiant17.webuco.fr\/index.php\/hight-school\/\" aria-label=\"Read more about Hight School Musical\">Read more<\/a><\/p>\n","protected":false},"author":1,"featured_media":0,"parent":0,"menu_order":0,"comment_status":"closed","ping_status":"closed","template":"","meta":{"footnotes":""},"class_list":["post-140","page","type-page","status-publish"],"_links":{"self":[{"href":"https:\/\/etudiant17.webuco.fr\/index.php\/wp-json\/wp\/v2\/pages\/140","targetHints":{"allow":["GET"]}}],"collection":[{"href":"https:\/\/etudiant17.webuco.fr\/index.php\/wp-json\/wp\/v2\/pages"}],"about":[{"href":"https:\/\/etudiant17.webuco.fr\/index.php\/wp-json\/wp\/v2\/types\/page"}],"author":[{"embeddable":true,"href":"https:\/\/etudiant17.webuco.fr\/index.php\/wp-json\/wp\/v2\/users\/1"}],"replies":[{"embeddable":true,"href":"https:\/\/etudiant17.webuco.fr\/index.php\/wp-json\/wp\/v2\/comments?post=140"}],"version-history":[{"count":5,"href":"https:\/\/etudiant17.webuco.fr\/index.php\/wp-json\/wp\/v2\/pages\/140\/revisions"}],"predecessor-version":[{"id":421,"href":"https:\/\/etudiant17.webuco.fr\/index.php\/wp-json\/wp\/v2\/pages\/140\/revisions\/421"}],"wp:attachment":[{"href":"https:\/\/etudiant17.webuco.fr\/index.php\/wp-json\/wp\/v2\/media?parent=140"}],"curies":[{"name":"wp","href":"https:\/\/api.w.org\/{rel}","templated":true}]}}