{"id":131,"date":"2026-03-09T15:11:11","date_gmt":"2026-03-09T14:11:11","guid":{"rendered":"https:\/\/etudiant17.webuco.fr\/?page_id=131"},"modified":"2026-04-27T15:16:59","modified_gmt":"2026-04-27T13:16:59","slug":"rihannaaa","status":"publish","type":"page","link":"https:\/\/etudiant17.webuco.fr\/index.php\/rihannaaa\/","title":{"rendered":"Rihanna"},"content":{"rendered":"\n<div>\n<h2 class=\"gb-text gb-text-fb4355ff\">Rihanna<\/h2>\n<\/div>\n\n\n\n<div>\n<div class=\"gb-element-10fd63ee\">\n<div>\n<div><div class=\"wp-block-image\">\n<figure class=\"aligncenter size-large is-resized\"><img loading=\"lazy\" decoding=\"async\" width=\"683\" height=\"1024\" src=\"https:\/\/etudiant17.webuco.fr\/wp-content\/uploads\/2026\/03\/1180515834-683x1024.png\" alt=\"\" class=\"wp-image-211\" style=\"width:381px\" srcset=\"https:\/\/etudiant17.webuco.fr\/wp-content\/uploads\/2026\/03\/1180515834-683x1024.png 683w, https:\/\/etudiant17.webuco.fr\/wp-content\/uploads\/2026\/03\/1180515834-200x300.png 200w, https:\/\/etudiant17.webuco.fr\/wp-content\/uploads\/2026\/03\/1180515834-768x1152.png 768w, https:\/\/etudiant17.webuco.fr\/wp-content\/uploads\/2026\/03\/1180515834.png 987w\" sizes=\"auto, (max-width: 683px) 100vw, 683px\" \/><\/figure>\n<\/div><\/div>\n\n\n\n<div>\n<figure class=\"wp-block-embed is-type-video is-provider-youtube wp-block-embed-youtube wp-embed-aspect-16-9 wp-has-aspect-ratio\"><div class=\"wp-block-embed__wrapper\">\n<iframe loading=\"lazy\" title=\"Rihanna - Diamonds\" width=\"1200\" height=\"675\" src=\"https:\/\/www.youtube.com\/embed\/lWA2pjMjpBs?feature=oembed\" frameborder=\"0\" allow=\"accelerometer; autoplay; clipboard-write; encrypted-media; gyroscope; picture-in-picture; web-share\" referrerpolicy=\"strict-origin-when-cross-origin\" allowfullscreen><\/iframe>\n<\/div><\/figure>\n<\/div>\n<\/div>\n\n\n\n<div>\n<div>\n<div>\n<h4 class=\"gb-text gb-text-36177d8e\">&#8211; 4 juillet \u00e0 22h30 &#8211;<\/h4>\n<\/div>\n\n\n\n<h6 class=\"gb-text\"><strong>Une ic\u00f4ne mondiale au style inimitable<\/strong><\/h6>\n<\/div>\n\n\n\n<div>\n<p class=\"gb-text\">Plongez dans l\u2019univers audacieux et puissant de Rihanna et laissez-vous emporter par ses plus grands succ\u00e8s. R\u00e9v\u00e9l\u00e9e dans les ann\u00e9es 2000, elle s\u2019impose rapidement comme une figure incontournable de la sc\u00e8ne pop et R&amp;B internationale.<br>Avec sa voix unique, son charisme et son sens du style, Rihanna a su se r\u00e9inventer au fil des ann\u00e9es et marquer durablement la culture musicale et artistique.<\/p>\n\n\n\n<div>\n<h6 class=\"gb-text\">Son parcours en quelques mots<\/h6>\n\n\n\n<p class=\"has-text-align-left\">Rihanna se fait conna\u00eetre avec le titre Pon de Replay, avant d\u2019encha\u00eener les hits mondiaux comme Umbrella, Diamonds ou We Found Love. Artiste cam\u00e9l\u00e9on, elle explore diff\u00e9rents styles musicaux, du R&amp;B \u00e0 la pop en passant par le dancehall, tout en imposant sa personnalit\u00e9 forte et ind\u00e9pendante. Au-del\u00e0 de la musique, elle d\u00e9veloppe \u00e9galement des projets dans la mode et la beaut\u00e9, affirmant son statut d\u2019ic\u00f4ne globale.<\/p>\n\n\n\n<div>\n<h6 class=\"gb-text\">Pourquoi elle au festival ?<\/h6>\n\n\n\n<p>Parce que Rihanna incarne \u00e0 la perfection l\u2019esprit des ann\u00e9es 2000 et 2010. Ses chansons sont devenues des classiques incontournables, capables de faire danser toutes les g\u00e9n\u00e9rations. Elle repr\u00e9sente une artiste libre, innovante et influente. Pr\u00e9sente au festival Back to the 2000s, Rihanna promet un moment exceptionnel, entre \u00e9nergie, \u00e9motion et ambiance festive. Un show inoubliable pour revivre les plus grands hits de la pop !<\/p>\n<\/div>\n<\/div>\n<\/div>\n<\/div>\n<\/div>\n<\/div>\n","protected":false},"excerpt":{"rendered":"<p>Rihanna &#8211; 4 juillet \u00e0 22h30 &#8211; Une ic\u00f4ne mondiale au style inimitable Plongez dans l\u2019univers audacieux et puissant de Rihanna et laissez-vous emporter par ses plus grands succ\u00e8s. R\u00e9v\u00e9l\u00e9e dans les ann\u00e9es 2000, elle s\u2019impose rapidement comme une figure incontournable de la sc\u00e8ne pop et R&amp;B internationale.Avec sa voix unique, son charisme et son &#8230; <a title=\"Rihanna\" class=\"read-more\" href=\"https:\/\/etudiant17.webuco.fr\/index.php\/rihannaaa\/\" aria-label=\"Read more about Rihanna\">Read more<\/a><\/p>\n","protected":false},"author":1,"featured_media":0,"parent":0,"menu_order":0,"comment_status":"closed","ping_status":"closed","template":"","meta":{"footnotes":""},"class_list":["post-131","page","type-page","status-publish"],"_links":{"self":[{"href":"https:\/\/etudiant17.webuco.fr\/index.php\/wp-json\/wp\/v2\/pages\/131","targetHints":{"allow":["GET"]}}],"collection":[{"href":"https:\/\/etudiant17.webuco.fr\/index.php\/wp-json\/wp\/v2\/pages"}],"about":[{"href":"https:\/\/etudiant17.webuco.fr\/index.php\/wp-json\/wp\/v2\/types\/page"}],"author":[{"embeddable":true,"href":"https:\/\/etudiant17.webuco.fr\/index.php\/wp-json\/wp\/v2\/users\/1"}],"replies":[{"embeddable":true,"href":"https:\/\/etudiant17.webuco.fr\/index.php\/wp-json\/wp\/v2\/comments?post=131"}],"version-history":[{"count":6,"href":"https:\/\/etudiant17.webuco.fr\/index.php\/wp-json\/wp\/v2\/pages\/131\/revisions"}],"predecessor-version":[{"id":418,"href":"https:\/\/etudiant17.webuco.fr\/index.php\/wp-json\/wp\/v2\/pages\/131\/revisions\/418"}],"wp:attachment":[{"href":"https:\/\/etudiant17.webuco.fr\/index.php\/wp-json\/wp\/v2\/media?parent=131"}],"curies":[{"name":"wp","href":"https:\/\/api.w.org\/{rel}","templated":true}]}}