{"id":128,"date":"2026-03-09T15:10:13","date_gmt":"2026-03-09T14:10:13","guid":{"rendered":"https:\/\/etudiant17.webuco.fr\/?page_id=128"},"modified":"2026-04-27T15:14:26","modified_gmt":"2026-04-27T13:14:26","slug":"james","status":"publish","type":"page","link":"https:\/\/etudiant17.webuco.fr\/index.php\/james\/","title":{"rendered":"Justin Timberlake"},"content":{"rendered":"\n<div>\n<h2 class=\"gb-text gb-text-3d6ce447\">Justin Timberlake<\/h2>\n<\/div>\n\n\n\n<div>\n<div class=\"gb-element-a23dd04e\">\n<div>\n<div><div class=\"wp-block-image\">\n<figure class=\"aligncenter size-large is-resized\"><img loading=\"lazy\" decoding=\"async\" width=\"768\" height=\"1024\" src=\"https:\/\/etudiant17.webuco.fr\/wp-content\/uploads\/2026\/03\/justin-timberlake-768x1024.jpg\" alt=\"\" class=\"wp-image-208\" style=\"width:381px\" srcset=\"https:\/\/etudiant17.webuco.fr\/wp-content\/uploads\/2026\/03\/justin-timberlake-768x1025.jpg 768w, https:\/\/etudiant17.webuco.fr\/wp-content\/uploads\/2026\/03\/justin-timberlake-225x300.jpg 225w, https:\/\/etudiant17.webuco.fr\/wp-content\/uploads\/2026\/03\/justin-timberlake-1151x1536.jpg 1151w, https:\/\/etudiant17.webuco.fr\/wp-content\/uploads\/2026\/03\/justin-timberlake.jpg 1200w\" sizes=\"auto, (max-width: 768px) 100vw, 768px\" \/><\/figure>\n<\/div><\/div>\n\n\n\n<div>\n<figure class=\"wp-block-embed is-type-video is-provider-youtube wp-block-embed-youtube wp-embed-aspect-16-9 wp-has-aspect-ratio\"><div class=\"wp-block-embed__wrapper\">\n<iframe loading=\"lazy\" title=\"Justin Timberlake - CAN&#039;T STOP THE FEELING! (from DreamWorks Animation&#039;s &quot;TROLLS&quot;) (Official Video)\" width=\"1200\" height=\"675\" src=\"https:\/\/www.youtube.com\/embed\/ru0K8uYEZWw?feature=oembed\" frameborder=\"0\" allow=\"accelerometer; autoplay; clipboard-write; encrypted-media; gyroscope; picture-in-picture; web-share\" referrerpolicy=\"strict-origin-when-cross-origin\" allowfullscreen><\/iframe>\n<\/div><\/figure>\n<\/div>\n<\/div>\n\n\n\n<div>\n<div>\n<h4 class=\"gb-text gb-text-3690408b\">&nbsp;&#8211; 4 juillet \u00e0 21h00-<\/h4>\n\n\n\n<div>\n<h6 class=\"gb-text\"><strong>Une ic\u00f4ne pop au talent multifacette<\/strong><\/h6>\n<\/div>\n<\/div>\n\n\n\n<div>\n<p class=\"gb-text\">Plongez dans l\u2019univers rythm\u00e9 et \u00e9l\u00e9gant de Justin Timberlake et laissez-vous emporter par ses plus grands hits. R\u00e9v\u00e9l\u00e9 au d\u00e9but des ann\u00e9es 2000, il s\u2019impose rapidement comme l\u2019un des artistes majeurs de la sc\u00e8ne pop internationale.<br>Avec son style m\u00ealant pop, R&amp;B et soul, ainsi que ses performances sc\u00e9niques impressionnantes, Justin Timberlake a marqu\u00e9 toute une g\u00e9n\u00e9ration et continue d\u2019influencer la musique actuelle.<\/p>\n<\/div>\n\n\n\n<div>\n<h6 class=\"gb-text\">Son parcours en quelques mots<\/h6>\n\n\n\n<p class=\"gb-text\">Justin Timberlake d\u00e9bute sa carri\u00e8re au sein du groupe *NSYNC, avant de se lancer en solo avec un succ\u00e8s fulgurant.<br>Gr\u00e2ce \u00e0 des titres incontournables comme&nbsp;<em>Cry Me a River<\/em>,&nbsp;<em>SexyBack<\/em>&nbsp;ou encore&nbsp;<em>Can\u2019t Stop the Feeling!<\/em>, il s\u2019impose comme un artiste complet, \u00e0 la fois chanteur, danseur et performer hors pair.<br>Au fil des ann\u00e9es, il construit une carri\u00e8re riche, entre albums \u00e0 succ\u00e8s, collaborations prestigieuses et m\u00eame incursions dans le cin\u00e9ma.<\/p>\n<\/div>\n\n\n\n<div>\n<h6 class=\"gb-text\">Pourquoi lui au festival ?<\/h6>\n\n\n\n<div>\n<p class=\"gb-text\">Parce que Justin Timberlake est l\u2019une des figures embl\u00e9matiques des ann\u00e9es 2000.<br>Ses chansons iconiques font encore danser toutes les g\u00e9n\u00e9rations et incarnent parfaitement l\u2019\u00e9nergie de cette \u00e9poque. Son univers musical, \u00e0 la fois moderne et intemporel, en fait un artiste incontournable.<br>Pr\u00e9sent au festival&nbsp;<em>Back to the 2000s<\/em>, Justin Timberlake promet un show spectaculaire, entre nostalgie, groove et ambiance survolt\u00e9e. Un moment unique \u00e0 ne surtout pas manquer !<\/p>\n<\/div>\n<\/div>\n<\/div>\n<\/div>\n<\/div>\n","protected":false},"excerpt":{"rendered":"<p>Justin Timberlake &nbsp;&#8211; 4 juillet \u00e0 21h00- Une ic\u00f4ne pop au talent multifacette Plongez dans l\u2019univers rythm\u00e9 et \u00e9l\u00e9gant de Justin Timberlake et laissez-vous emporter par ses plus grands hits. R\u00e9v\u00e9l\u00e9 au d\u00e9but des ann\u00e9es 2000, il s\u2019impose rapidement comme l\u2019un des artistes majeurs de la sc\u00e8ne pop internationale.Avec son style m\u00ealant pop, R&amp;B et &#8230; <a title=\"Justin Timberlake\" class=\"read-more\" href=\"https:\/\/etudiant17.webuco.fr\/index.php\/james\/\" aria-label=\"Read more about Justin Timberlake\">Read more<\/a><\/p>\n","protected":false},"author":1,"featured_media":0,"parent":0,"menu_order":0,"comment_status":"closed","ping_status":"closed","template":"","meta":{"footnotes":""},"class_list":["post-128","page","type-page","status-publish"],"_links":{"self":[{"href":"https:\/\/etudiant17.webuco.fr\/index.php\/wp-json\/wp\/v2\/pages\/128","targetHints":{"allow":["GET"]}}],"collection":[{"href":"https:\/\/etudiant17.webuco.fr\/index.php\/wp-json\/wp\/v2\/pages"}],"about":[{"href":"https:\/\/etudiant17.webuco.fr\/index.php\/wp-json\/wp\/v2\/types\/page"}],"author":[{"embeddable":true,"href":"https:\/\/etudiant17.webuco.fr\/index.php\/wp-json\/wp\/v2\/users\/1"}],"replies":[{"embeddable":true,"href":"https:\/\/etudiant17.webuco.fr\/index.php\/wp-json\/wp\/v2\/comments?post=128"}],"version-history":[{"count":5,"href":"https:\/\/etudiant17.webuco.fr\/index.php\/wp-json\/wp\/v2\/pages\/128\/revisions"}],"predecessor-version":[{"id":417,"href":"https:\/\/etudiant17.webuco.fr\/index.php\/wp-json\/wp\/v2\/pages\/128\/revisions\/417"}],"wp:attachment":[{"href":"https:\/\/etudiant17.webuco.fr\/index.php\/wp-json\/wp\/v2\/media?parent=128"}],"curies":[{"name":"wp","href":"https:\/\/api.w.org\/{rel}","templated":true}]}}