{"id":125,"date":"2026-03-09T15:07:09","date_gmt":"2026-03-09T14:07:09","guid":{"rendered":"https:\/\/etudiant17.webuco.fr\/?page_id=125"},"modified":"2026-04-27T17:07:54","modified_gmt":"2026-04-27T15:07:54","slug":"britney-spears","status":"publish","type":"page","link":"https:\/\/etudiant17.webuco.fr\/index.php\/britney-spears\/","title":{"rendered":"Britney Spears"},"content":{"rendered":"\n<div>\n<h2 class=\"gb-text gb-text-8634c656\">Britney Spears<\/h2>\n<\/div>\n\n\n\n<div>\n<div class=\"gb-element-bea58a25\">\n<div>\n<div class=\"gb-element-47ba2788\">\n<div>\n<img loading=\"lazy\" decoding=\"async\" width=\"1271\" height=\"1898\" class=\"gb-media-abbe32ff\" alt=\"\" title=\"Britney Spears In Concert - NYC\" src=\"https:\/\/etudiant17.webuco.fr\/wp-content\/uploads\/2026\/03\/britney-spears-1.jpeg\" srcset=\"https:\/\/etudiant17.webuco.fr\/wp-content\/uploads\/2026\/03\/britney-spears-1.jpeg 1271w, https:\/\/etudiant17.webuco.fr\/wp-content\/uploads\/2026\/03\/britney-spears-1-201x300.jpeg 201w, https:\/\/etudiant17.webuco.fr\/wp-content\/uploads\/2026\/03\/britney-spears-1-686x1024.jpeg 686w, https:\/\/etudiant17.webuco.fr\/wp-content\/uploads\/2026\/03\/britney-spears-1-768x1147.jpeg 768w, https:\/\/etudiant17.webuco.fr\/wp-content\/uploads\/2026\/03\/britney-spears-1-1029x1536.jpeg 1029w\" sizes=\"auto, (max-width: 1271px) 100vw, 1271px\" \/>\n<\/div>\n<\/div>\n\n\n\n<figure class=\"wp-block-embed is-type-video is-provider-youtube wp-block-embed-youtube wp-embed-aspect-4-3 wp-has-aspect-ratio\"><div class=\"wp-block-embed__wrapper\">\n<iframe loading=\"lazy\" title=\"Britney Spears - ...Baby One More Time (Official Video)\" width=\"1200\" height=\"900\" src=\"https:\/\/www.youtube.com\/embed\/C-u5WLJ9Yk4?feature=oembed\" frameborder=\"0\" allow=\"accelerometer; autoplay; clipboard-write; encrypted-media; gyroscope; picture-in-picture; web-share\" referrerpolicy=\"strict-origin-when-cross-origin\" allowfullscreen><\/iframe>\n<\/div><\/figure>\n<\/div>\n\n\n\n<div>\n<div>\n<div>\n<h4 class=\"gb-text gb-text-f75e5d57\">&#8211; 4 juillet \u00e0 18h00-<\/h4>\n<\/div>\n\n\n\n<h6 class=\"gb-text\"><strong>Une ic\u00f4ne pop qui a marqu\u00e9 toute une g\u00e9n\u00e9ration<\/strong><\/h6>\n<\/div>\n\n\n\n<p class=\"gb-text\">Plongez dans l\u2019univers \u00e9lectrisant de Britney Spears et laissez-vous emporter par ses hits incontournables. R\u00e9v\u00e9l\u00e9e \u00e0 la fin des ann\u00e9es 90, elle s\u2019impose tr\u00e8s vite comme la princesse de la pop et devient une figure embl\u00e9matique des ann\u00e9es 2000.<br>Avec ses clips iconiques, ses performances m\u00e9morables et son style reconnaissable entre mille, Britney Spears a marqu\u00e9 la culture pop et influenc\u00e9 toute une g\u00e9n\u00e9ration d\u2019artistes et de fans.<\/p>\n\n\n\n<h6 class=\"gb-text\">Son parcours en quelques mots<\/h6>\n\n\n\n<p class=\"gb-text\">Britney Spears conna\u00eet un succ\u00e8s fulgurant d\u00e8s ses d\u00e9buts avec le titre&nbsp;<em>\u2026Baby One More Time<\/em>, qui devient un hit mondial.<br>Elle encha\u00eene ensuite les albums \u00e0 succ\u00e8s et les tubes incontournables comme&nbsp;<em>Oops!\u2026 I Did It Again<\/em>&nbsp;ou&nbsp;<em>Toxic<\/em>, affirmant son statut de superstar internationale.<br>Au fil des ann\u00e9es, elle construit une carri\u00e8re impressionnante, m\u00ealant musique, danse et performances sc\u00e9niques spectaculaires, tout en restant une figure centrale de la pop culture.<\/p>\n\n\n\n<h6 class=\"gb-text\">Pourquoi elle au festival ?<\/h6>\n\n\n\n<p>Parce que Britney Spears est une v\u00e9ritable ic\u00f4ne des ann\u00e9es 2000. Ses chansons font encore danser toutes les g\u00e9n\u00e9rations et \u00e9voquent instantan\u00e9ment une vague de nostalgie. Elle incarne \u00e0 elle seule l\u2019\u00e9nergie, le style et l\u2019esprit de cette d\u00e9cennie. Pr\u00e9sente au festival&nbsp;<em>Back to the 2000s<\/em>, Britney Spears promet un moment inoubliable, entre \u00e9motion, souvenirs et ambiance survolt\u00e9e&nbsp;Un show \u00e0 ne surtout pas manquer pour revivre les plus grands hits de la pop !<\/p>\n<\/div>\n<\/div>\n<\/div>\n\n\n\n<p><\/p>\n","protected":false},"excerpt":{"rendered":"<p>Britney Spears &#8211; 4 juillet \u00e0 18h00- Une ic\u00f4ne pop qui a marqu\u00e9 toute une g\u00e9n\u00e9ration Plongez dans l\u2019univers \u00e9lectrisant de Britney Spears et laissez-vous emporter par ses hits incontournables. R\u00e9v\u00e9l\u00e9e \u00e0 la fin des ann\u00e9es 90, elle s\u2019impose tr\u00e8s vite comme la princesse de la pop et devient une figure embl\u00e9matique des ann\u00e9es 2000.Avec &#8230; <a title=\"Britney Spears\" class=\"read-more\" href=\"https:\/\/etudiant17.webuco.fr\/index.php\/britney-spears\/\" aria-label=\"Read more about Britney Spears\">Read more<\/a><\/p>\n","protected":false},"author":1,"featured_media":0,"parent":0,"menu_order":0,"comment_status":"closed","ping_status":"closed","template":"","meta":{"footnotes":""},"class_list":["post-125","page","type-page","status-publish"],"_links":{"self":[{"href":"https:\/\/etudiant17.webuco.fr\/index.php\/wp-json\/wp\/v2\/pages\/125","targetHints":{"allow":["GET"]}}],"collection":[{"href":"https:\/\/etudiant17.webuco.fr\/index.php\/wp-json\/wp\/v2\/pages"}],"about":[{"href":"https:\/\/etudiant17.webuco.fr\/index.php\/wp-json\/wp\/v2\/types\/page"}],"author":[{"embeddable":true,"href":"https:\/\/etudiant17.webuco.fr\/index.php\/wp-json\/wp\/v2\/users\/1"}],"replies":[{"embeddable":true,"href":"https:\/\/etudiant17.webuco.fr\/index.php\/wp-json\/wp\/v2\/comments?post=125"}],"version-history":[{"count":9,"href":"https:\/\/etudiant17.webuco.fr\/index.php\/wp-json\/wp\/v2\/pages\/125\/revisions"}],"predecessor-version":[{"id":455,"href":"https:\/\/etudiant17.webuco.fr\/index.php\/wp-json\/wp\/v2\/pages\/125\/revisions\/455"}],"wp:attachment":[{"href":"https:\/\/etudiant17.webuco.fr\/index.php\/wp-json\/wp\/v2\/media?parent=125"}],"curies":[{"name":"wp","href":"https:\/\/api.w.org\/{rel}","templated":true}]}}