{"id":104,"date":"2026-03-09T13:04:46","date_gmt":"2026-03-09T12:04:46","guid":{"rendered":"https:\/\/etudiant17.webuco.fr\/?page_id=104"},"modified":"2026-04-27T17:06:14","modified_gmt":"2026-04-27T15:06:14","slug":"njsnxqksl","status":"publish","type":"page","link":"https:\/\/etudiant17.webuco.fr\/index.php\/njsnxqksl\/","title":{"rendered":"Mamma Mia !"},"content":{"rendered":"\n<div>\n<h2 class=\"gb-text gb-text-4c409650\">Mamma Mia !<\/h2>\n<\/div>\n\n\n\n<div>\n<div class=\"gb-element-b0a0d9eb\">\n<div>\n<img loading=\"lazy\" decoding=\"async\" width=\"1000\" height=\"1500\" class=\"gb-media-5f13d4ea\" alt=\"\" title=\"zdUA4FNHbXPadzVOJiU0Rgn6cHR\" src=\"https:\/\/etudiant17.webuco.fr\/wp-content\/uploads\/2026\/03\/zdUA4FNHbXPadzVOJiU0Rgn6cHR-1.png\" srcset=\"https:\/\/etudiant17.webuco.fr\/wp-content\/uploads\/2026\/03\/zdUA4FNHbXPadzVOJiU0Rgn6cHR-1.png 1000w, https:\/\/etudiant17.webuco.fr\/wp-content\/uploads\/2026\/03\/zdUA4FNHbXPadzVOJiU0Rgn6cHR-1-200x300.png 200w, https:\/\/etudiant17.webuco.fr\/wp-content\/uploads\/2026\/03\/zdUA4FNHbXPadzVOJiU0Rgn6cHR-1-683x1024.png 683w, https:\/\/etudiant17.webuco.fr\/wp-content\/uploads\/2026\/03\/zdUA4FNHbXPadzVOJiU0Rgn6cHR-1-768x1152.png 768w\" sizes=\"auto, (max-width: 1000px) 100vw, 1000px\" \/>\n\n\n\n<figure class=\"wp-block-embed is-type-video is-provider-youtube wp-block-embed-youtube wp-embed-aspect-16-9 wp-has-aspect-ratio\"><div class=\"wp-block-embed__wrapper\">\n<iframe loading=\"lazy\" title=\"Mamma Mia! (2008) | Bande-annonce VF (HD | 1080p)\" width=\"1200\" height=\"675\" src=\"https:\/\/www.youtube.com\/embed\/CUKFACi4PmM?feature=oembed\" frameborder=\"0\" allow=\"accelerometer; autoplay; clipboard-write; encrypted-media; gyroscope; picture-in-picture; web-share\" referrerpolicy=\"strict-origin-when-cross-origin\" allowfullscreen><\/iframe>\n<\/div><\/figure>\n<\/div>\n\n\n\n<div>\n<div><\/div>\n\n\n\n<h4 class=\"gb-text gb-text-a5c76d70\">&#8211; 3 juillet \u00e0 23h00 &#8211; <\/h4>\n\n\n\n<h6 class=\"gb-text\"><strong>Une soir\u00e9e pleine de musique, de soleil et de bonne humeur<\/strong><\/h6>\n\n\n\n<p class=\"gb-text\">Laissez-vous emporter par l\u2019\u00e9nergie joyeuse de Mamma Mia!, une com\u00e9die musicale lumineuse inspir\u00e9e des chansons l\u00e9gendaires du groupe ABBA.<br>Sorti en 2008, ce film nous transporte sur une \u00eele grecque baign\u00e9e de soleil, o\u00f9 amour, amiti\u00e9 et secrets de famille se m\u00ealent au rythme de chansons devenues incontournables.<br>Entre paysages magnifiques, chor\u00e9graphies entra\u00eenantes et refrains que tout le monde conna\u00eet, cette projection promet un moment festif o\u00f9 le public pourra chanter et vibrer au rythme de la musique.<\/p>\n\n\n\n<h6 class=\"gb-text\"><strong>L\u2019histoire en quelques mots<\/strong><\/h6>\n\n\n\n<p class=\"gb-text\">Dans Mamma Mia!, Sophie s\u2019appr\u00eate \u00e0 se marier et r\u00eave de d\u00e9couvrir l\u2019identit\u00e9 de son p\u00e8re afin qu\u2019il puisse l\u2019accompagner le jour de la c\u00e9r\u00e9monie.<br>En secret, elle invite trois hommes qui ont autrefois partag\u00e9 la vie de sa m\u00e8re Donna. Leur arriv\u00e9e inattendue va bouleverser l\u2019\u00e9quilibre de l\u2019\u00eele et r\u00e9veiller des souvenirs du pass\u00e9.<br>Entre r\u00e9v\u00e9lations, retrouvailles et moments de f\u00eate, l\u2019histoire se d\u00e9roule au rythme des chansons embl\u00e9matiques d\u2019ABBA.<\/p>\n\n\n\n<h6 class=\"gb-text\"><strong>Pourquoi ce film au festival ?<\/strong><\/h6>\n\n\n\n<p class=\"gb-text\">Parce que Mamma Mia! incarne parfaitement l\u2019esprit joyeux et nostalgique des ann\u00e9es 2000.<br>Avec ses musiques cultes, ses personnages attachants et son ambiance estivale, ce film est une v\u00e9ritable c\u00e9l\u00e9bration de la musique et du partage.<br>Projet\u00e9 lors du festival&nbsp;<strong>Back to the 2000s<\/strong>, il promet une s\u00e9ance conviviale et pleine d\u2019\u00e9nergie, o\u00f9 le public pourra revivre les chansons qui ont marqu\u00e9 toute une g\u00e9n\u00e9ration.<\/p>\n<\/div>\n<\/div>\n<\/div>\n","protected":false},"excerpt":{"rendered":"<p>Mamma Mia ! &#8211; 3 juillet \u00e0 23h00 &#8211; Une soir\u00e9e pleine de musique, de soleil et de bonne humeur Laissez-vous emporter par l\u2019\u00e9nergie joyeuse de Mamma Mia!, une com\u00e9die musicale lumineuse inspir\u00e9e des chansons l\u00e9gendaires du groupe ABBA.Sorti en 2008, ce film nous transporte sur une \u00eele grecque baign\u00e9e de soleil, o\u00f9 amour, amiti\u00e9 &#8230; <a title=\"Mamma Mia !\" class=\"read-more\" href=\"https:\/\/etudiant17.webuco.fr\/index.php\/njsnxqksl\/\" aria-label=\"Read more about Mamma Mia !\">Read more<\/a><\/p>\n","protected":false},"author":1,"featured_media":0,"parent":0,"menu_order":0,"comment_status":"closed","ping_status":"closed","template":"","meta":{"footnotes":""},"class_list":["post-104","page","type-page","status-publish"],"_links":{"self":[{"href":"https:\/\/etudiant17.webuco.fr\/index.php\/wp-json\/wp\/v2\/pages\/104","targetHints":{"allow":["GET"]}}],"collection":[{"href":"https:\/\/etudiant17.webuco.fr\/index.php\/wp-json\/wp\/v2\/pages"}],"about":[{"href":"https:\/\/etudiant17.webuco.fr\/index.php\/wp-json\/wp\/v2\/types\/page"}],"author":[{"embeddable":true,"href":"https:\/\/etudiant17.webuco.fr\/index.php\/wp-json\/wp\/v2\/users\/1"}],"replies":[{"embeddable":true,"href":"https:\/\/etudiant17.webuco.fr\/index.php\/wp-json\/wp\/v2\/comments?post=104"}],"version-history":[{"count":10,"href":"https:\/\/etudiant17.webuco.fr\/index.php\/wp-json\/wp\/v2\/pages\/104\/revisions"}],"predecessor-version":[{"id":454,"href":"https:\/\/etudiant17.webuco.fr\/index.php\/wp-json\/wp\/v2\/pages\/104\/revisions\/454"}],"wp:attachment":[{"href":"https:\/\/etudiant17.webuco.fr\/index.php\/wp-json\/wp\/v2\/media?parent=104"}],"curies":[{"name":"wp","href":"https:\/\/api.w.org\/{rel}","templated":true}]}}